{"id":19,"date":"2023-10-10T06:42:39","date_gmt":"2023-10-10T04:42:39","guid":{"rendered":"https:\/\/happiconseil.fr\/?page_id=19"},"modified":"2023-10-25T13:11:36","modified_gmt":"2023-10-25T11:11:36","slug":"accueil","status":"publish","type":"page","link":"https:\/\/happiconseil.fr\/","title":{"rendered":"Accueil"},"content":{"rendered":"\n<div class=\"wp-block-cover\"><span aria-hidden=\"true\" class=\"wp-block-cover__background has-background-dim-70 has-background-dim\"><\/span><img loading=\"lazy\" decoding=\"async\" width=\"1024\" height=\"683\" class=\"wp-block-cover__image-background wp-image-20\" alt=\"\" src=\"https:\/\/happiconseil.fr\/wp-content\/uploads\/2023\/10\/que-semer-en-mars-1024x683-1.webp\" data-object-fit=\"cover\" srcset=\"https:\/\/happiconseil.fr\/wp-content\/uploads\/2023\/10\/que-semer-en-mars-1024x683-1.webp 1024w, https:\/\/happiconseil.fr\/wp-content\/uploads\/2023\/10\/que-semer-en-mars-1024x683-1-300x200.webp 300w, https:\/\/happiconseil.fr\/wp-content\/uploads\/2023\/10\/que-semer-en-mars-1024x683-1-768x512.webp 768w\" sizes=\"auto, (max-width: 1024px) 100vw, 1024px\" \/><div class=\"wp-block-cover__inner-container is-layout-flow wp-block-cover-is-layout-flow\">\n<h1 class=\"wp-block-heading has-text-align-center has-large-font-size\">Conseil en patrimoine \u00e0 dimension humaine<\/h1>\n\n\n\n<p>Je m\u2019appelle Claire BLONDET, titulaire d\u2019un master en gestion de patrimoine et b\u00e9n\u00e9ficiant d\u2019une exp\u00e9rience de plus de 15 ans dans ce domaine, j\u2019ai d\u00e9cid\u00e9 de cr\u00e9er une soci\u00e9t\u00e9 \u00e0 mon image : Happi Conseil.<\/p>\n\n\n\n<ul class=\"wp-block-list\">\n<li>H comme Humanit\u00e9<\/li>\n\n\n\n<li>A comme Accompagnement<\/li>\n\n\n\n<li>P comme Patrimoine<\/li>\n\n\n\n<li>P comme Pr\u00e9voyance<\/li>\n\n\n\n<li>I comme Investissement<\/li>\n<\/ul>\n<\/div><\/div>\n\n\n\n<hr class=\"wp-block-separator has-text-color has-black-color has-alpha-channel-opacity has-black-background-color has-background is-style-wide\"\/>\n\n\n\n<div class=\"wp-block-cover\"><span aria-hidden=\"true\" class=\"wp-block-cover__background has-background-dim-60 has-background-dim\"><\/span><img loading=\"lazy\" decoding=\"async\" width=\"1250\" height=\"550\" class=\"wp-block-cover__image-background wp-image-39\" alt=\"\" src=\"https:\/\/happiconseil.fr\/wp-content\/uploads\/2023\/10\/graine1.jpg\" data-object-fit=\"cover\" srcset=\"https:\/\/happiconseil.fr\/wp-content\/uploads\/2023\/10\/graine1.jpg 1250w, https:\/\/happiconseil.fr\/wp-content\/uploads\/2023\/10\/graine1-300x132.jpg 300w, https:\/\/happiconseil.fr\/wp-content\/uploads\/2023\/10\/graine1-1024x451.jpg 1024w, https:\/\/happiconseil.fr\/wp-content\/uploads\/2023\/10\/graine1-768x338.jpg 768w\" sizes=\"auto, (max-width: 1250px) 100vw, 1250px\" \/><div class=\"wp-block-cover__inner-container is-layout-flow wp-block-cover-is-layout-flow\">\n<h1 class=\"wp-block-heading has-text-align-center has-large-font-size\"><strong>Conseil en relation d\u2019aide patrimoniale<\/strong><\/h1>\n\n\n\n<p>Dans le but d\u2019am\u00e9liorer mes connaissances en termes de relations humaines, j\u2019ai la certification de \u00ab&nbsp;Praticien en relation d\u2019aide&nbsp;\u00bb qui compl\u00e8te ma formation initiale de conseiller en gestion de patrimoine. Cette dimension suppl\u00e9mentaire me permet d\u2019\u00eatre plus \u00e0 l\u2019\u00e9coute des clients, de mieux comprendre leurs besoins, de les accompagner et de trouver les solutions ad\u00e9quates \u00e0 leurs probl\u00e9matiques patrimoniales, fiscales, successorales, de pr\u00e9voyance et de retraite\u2026<\/p>\n\n\n\n<p>Mon r\u00f4le en tant que conseiller en relation d\u2019aide patrimoniale est d\u2019utiliser mes comp\u00e9tences techniques en mati\u00e8re de gestion de patrimoine pour organiser, pr\u00e9voir, s\u00e9curiser le patrimoine de chacun de mes clients mais surtout d\u2019\u00eatre pr\u00e9sente, \u00e0 l\u2019\u00e9coute, aux c\u00f4t\u00e9s d\u2019eux pour les accompagner, les aider tout au long de leur vie dans la concr\u00e9tisation dans leurs projets et en mettant en place les choix d&rsquo;investissements qui leur correspondent (assurance vie, PER, pr\u00e9voyance compl\u00e9mentaire, immobilier&#8230;). Dans le cadre de ma structure totalement ind\u00e9pendante, je suis libre de vous proposer le produit que je consid\u00e8re le mieux adapt\u00e9 \u00e0 chacun de mes clients.&nbsp;<\/p>\n\n\n\n<p><\/p>\n\n\n\n<p><\/p>\n\n\n\n<p class=\"has-text-align-center\"><strong>Vous souhaitez \u00eatre accompagn\u00e9 par UN CONSEILLER EN RELATION D\u2019AIDE PATRIMONIALE&nbsp;? <\/strong><\/p>\n\n\n\n<p class=\"has-text-align-center has-medium-font-size\"><strong>N\u2019HESITEZ PAS A ME CONTACTER !<\/strong><\/p>\n\n\n\n<p><\/p>\n<\/div><\/div>\n\n\n\n<div class=\"wp-block-group is-content-justification-center is-nowrap is-layout-flex wp-container-core-group-is-layout-94bc23d7 wp-block-group-is-layout-flex\">\n<div class=\"wp-block-columns is-layout-flex wp-container-core-columns-is-layout-9d6595d7 wp-block-columns-is-layout-flex\">\n<div class=\"wp-block-column is-vertically-aligned-center is-layout-flow wp-block-column-is-layout-flow\" style=\"flex-basis:20%\"><div class=\"wp-block-image\">\n<figure class=\"aligncenter size-full is-resized\"><img loading=\"lazy\" decoding=\"async\" width=\"410\" height=\"410\" src=\"https:\/\/happiconseil.fr\/wp-content\/uploads\/2023\/10\/petit-logo-happiconseilfavicon-clair.png\" alt=\"\" class=\"wp-image-51\" style=\"aspect-ratio:1;width:104px;height:auto\" srcset=\"https:\/\/happiconseil.fr\/wp-content\/uploads\/2023\/10\/petit-logo-happiconseilfavicon-clair.png 410w, https:\/\/happiconseil.fr\/wp-content\/uploads\/2023\/10\/petit-logo-happiconseilfavicon-clair-300x300.png 300w, https:\/\/happiconseil.fr\/wp-content\/uploads\/2023\/10\/petit-logo-happiconseilfavicon-clair-150x150.png 150w\" sizes=\"auto, (max-width: 410px) 100vw, 410px\" \/><\/figure>\n<\/div><\/div>\n\n\n\n<div class=\"wp-block-column is-vertically-aligned-center is-layout-flow wp-block-column-is-layout-flow\" style=\"flex-basis:80%\">\n<figure class=\"wp-block-pullquote\" style=\"border-style:none;border-width:0px;border-radius:0px\"><blockquote><p>Claire Blondet<br>Master en gestion de patrimoine<br>Praticien en relation d\u2019aide avec l\u2019Enneagramme<br><a href=\"mailto:cblondet@happiconseil.fr\">cblondet@happiconseil.fr<\/a><\/p><\/blockquote><\/figure>\n<\/div>\n<\/div>\n<\/div>\n","protected":false},"excerpt":{"rendered":"<p>Gestion de patrimoine pr\u00e9voyance investissement conseil<\/p>\n","protected":false},"author":1,"featured_media":0,"parent":0,"menu_order":0,"comment_status":"closed","ping_status":"closed","template":"","meta":{"footnotes":""},"class_list":["post-19","page","type-page","status-publish","hentry"],"_links":{"self":[{"href":"https:\/\/happiconseil.fr\/index.php\/wp-json\/wp\/v2\/pages\/19","targetHints":{"allow":["GET"]}}],"collection":[{"href":"https:\/\/happiconseil.fr\/index.php\/wp-json\/wp\/v2\/pages"}],"about":[{"href":"https:\/\/happiconseil.fr\/index.php\/wp-json\/wp\/v2\/types\/page"}],"author":[{"embeddable":true,"href":"https:\/\/happiconseil.fr\/index.php\/wp-json\/wp\/v2\/users\/1"}],"replies":[{"embeddable":true,"href":"https:\/\/happiconseil.fr\/index.php\/wp-json\/wp\/v2\/comments?post=19"}],"version-history":[{"count":20,"href":"https:\/\/happiconseil.fr\/index.php\/wp-json\/wp\/v2\/pages\/19\/revisions"}],"predecessor-version":[{"id":75,"href":"https:\/\/happiconseil.fr\/index.php\/wp-json\/wp\/v2\/pages\/19\/revisions\/75"}],"wp:attachment":[{"href":"https:\/\/happiconseil.fr\/index.php\/wp-json\/wp\/v2\/media?parent=19"}],"curies":[{"name":"wp","href":"https:\/\/api.w.org\/{rel}","templated":true}]}}